

{"id":248,"date":"2021-07-06T03:03:17","date_gmt":"2021-07-06T08:03:17","guid":{"rendered":"https:\/\/flannapolitano.nazflix.appboxes.co\/?page_id=5"},"modified":"2024-07-09T02:49:38","modified_gmt":"2024-07-09T07:49:38","slug":"bienvenidos-a-flan-napolitano","status":"publish","type":"page","link":"https:\/\/flannapolitano.art\/","title":{"rendered":"Bienvenidos a Flan Napolitano"},"content":{"rendered":"\n<p class=\"has-text-align-center\">En Flan Napolitano, nos dedicamos a la creaci\u00f3n de manga e ilustraciones digitales de alta calidad. Ofrecemos una amplia gama de servicios, desde la creaci\u00f3n de Doujin de comedia er\u00f3tica y parejas anim\u00e9, hasta mangas de historias originales y \u00fanicas.<br>Nuestros Servicios:<br>&#8211; Creaci\u00f3n de Doujin de comedia er\u00f3tica.<br>&#8211; Manga de parejas anim\u00e9.<br>&#8211; Historias originales en formato manga y\/o escritos en formato libro.<br>&#8211; Trabajos por comisiones: Podemos crear Doujin, mangas personalizados o cualquier ilustraci\u00f3n que desees.<br>Cont\u00e1ctanos para cotizarte:<\/p>\n\n\n\n<div class=\"wp-block-buttons is-content-justification-center is-layout-flex wp-container-core-buttons-layout-1 wp-block-buttons-is-layout-flex\">\n<div class=\"wp-block-button\"><a class=\"wp-block-button__link has-text-align-center wp-element-button\">Contacto<\/a><\/div>\n<\/div>\n\n\n\n<div style=\"position: relative; width: 100%; height: 0; padding-top: 100.0000%;\n padding-bottom: 0; box-shadow: 0 2px 8px 0 rgba(63,69,81,0.16); margin-top: 1.6em; margin-bottom: 0.9em; overflow: hidden;\n border-radius: 8px; will-change: transform;\">\n  <iframe loading=\"lazy\" style=\"position: absolute; width: 100%; height: 100%; top: 0; left: 0; border: none; padding: 0;margin: 0;\"\n    src=\"https:&#x2F;&#x2F;www.canva.com&#x2F;design&#x2F;DAGKG2WTNMk&#x2F;VfJJlVJKaK2pIb_scnOcwg&#x2F;view?embed\">\n  <\/iframe>\n<\/div>\n<a href=\"https:&#x2F;&#x2F;www.canva.com&#x2F;design&#x2F;DAGKG2WTNMk&#x2F;VfJJlVJKaK2pIb_scnOcwg&#x2F;view?utm_content=DAGKG2WTNMk&amp;utm_campaign=designshare&amp;utm_medium=embeds&amp;utm_source=link\" target=\"_blank\" rel=\"noopener\">\n\n\n<div class=\"wp-block-image\">\n<figure class=\"aligncenter size-large\"><img loading=\"lazy\" decoding=\"async\" width=\"1024\" height=\"82\" src=\"https:\/\/flannapolitano.art\/wp-content\/uploads\/2024\/05\/BARRA-1024x82.png\" alt=\"\" class=\"wp-image-4416\" srcset=\"https:\/\/flannapolitano.art\/wp-content\/uploads\/2024\/05\/BARRA-1024x82.png 1024w, https:\/\/flannapolitano.art\/wp-content\/uploads\/2024\/05\/BARRA-300x24.png 300w, https:\/\/flannapolitano.art\/wp-content\/uploads\/2024\/05\/BARRA-768x61.png 768w, https:\/\/flannapolitano.art\/wp-content\/uploads\/2024\/05\/BARRA-1536x123.png 1536w, https:\/\/flannapolitano.art\/wp-content\/uploads\/2024\/05\/BARRA-800x64.png 800w, https:\/\/flannapolitano.art\/wp-content\/uploads\/2024\/05\/BARRA-1400x112.png 1400w, https:\/\/flannapolitano.art\/wp-content\/uploads\/2024\/05\/BARRA.png 2000w\" sizes=\"(max-width: 1024px) 100vw, 1024px\" \/><\/figure><\/div>\n\n\n<div class=\"wp-block-columns are-vertically-aligned-center is-layout-flex wp-container-core-columns-layout-1 wp-block-columns-is-layout-flex\">\n<div class=\"wp-block-column is-layout-flow wp-block-column-is-layout-flow\"><\/div>\n\n\n\n<div class=\"wp-block-column is-layout-flow wp-block-column-is-layout-flow\">\n<iframe loading=\"lazy\" src=\"https:\/\/www.facebook.com\/plugins\/page.php?href=https%3A%2F%2Fwww.facebook.com%2FFlanNapolitano.EGM%2F&amp;tabs=timeline&amp;width=340&amp;height=500&amp;small_header=false&amp;adapt_container_width=true&amp;hide_cover=false&amp;show_facepile=true&amp;appId\" style=\"float:middle;border:none;overflow:hidden\" scrolling=\"no\" allowfullscreen=\"true\" allow=\"autoplay; clipboard-write; encrypted-media; picture-in-picture; web-share\" width=\"350\" height=\"500\" frameborder=\"0\">align=&#8221;middle&#8221;<\/iframe>\n<\/div>\n\n\n\n<div class=\"wp-block-column is-layout-flow wp-block-column-is-layout-flow\"><\/div>\n<\/div>\n\n\n\n<p class=\"has-text-align-center has-medium-font-size\"><\/p>\n","protected":false},"excerpt":{"rendered":"<p>En Flan Napolitano, nos dedicamos a la creaci\u00f3n de manga e ilustraciones digitales de alta calidad. Ofrecemos una amplia gama de servicios, desde la creaci\u00f3n de Doujin de comedia er\u00f3tica y parejas anim\u00e9, hasta mangas de historias originales y \u00fanicas.Nuestros Servicios:&#8211; Creaci\u00f3n de Doujin de comedia er\u00f3tica.&#8211; Manga de parejas anim\u00e9.&#8211; Historias originales en formato&#8230;<\/p>\n<p class=\"more-link-wrap\"><a href=\"https:\/\/flannapolitano.art\/\" class=\"more-link\">Read More<span class=\"screen-reader-text\"> &ldquo;Bienvenidos a Flan Napolitano&rdquo;<\/span> &raquo;<\/a><\/p>\n","protected":false},"author":2,"featured_media":0,"parent":0,"menu_order":0,"comment_status":"closed","ping_status":"closed","template":"","meta":{"footnotes":""},"_links":{"self":[{"href":"https:\/\/flannapolitano.art\/index.php\/wp-json\/wp\/v2\/pages\/248"}],"collection":[{"href":"https:\/\/flannapolitano.art\/index.php\/wp-json\/wp\/v2\/pages"}],"about":[{"href":"https:\/\/flannapolitano.art\/index.php\/wp-json\/wp\/v2\/types\/page"}],"author":[{"embeddable":true,"href":"https:\/\/flannapolitano.art\/index.php\/wp-json\/wp\/v2\/users\/2"}],"replies":[{"embeddable":true,"href":"https:\/\/flannapolitano.art\/index.php\/wp-json\/wp\/v2\/comments?post=248"}],"version-history":[{"count":36,"href":"https:\/\/flannapolitano.art\/index.php\/wp-json\/wp\/v2\/pages\/248\/revisions"}],"predecessor-version":[{"id":4900,"href":"https:\/\/flannapolitano.art\/index.php\/wp-json\/wp\/v2\/pages\/248\/revisions\/4900"}],"wp:attachment":[{"href":"https:\/\/flannapolitano.art\/index.php\/wp-json\/wp\/v2\/media?parent=248"}],"curies":[{"name":"wp","href":"https:\/\/api.w.org\/{rel}","templated":true}]}}