

{"id":39,"date":"2021-07-05T23:21:40","date_gmt":"2021-07-06T04:21:40","guid":{"rendered":"https:\/\/flannapolitano.nazflix.appboxes.co\/?page_id=39"},"modified":"2024-05-30T19:22:00","modified_gmt":"2024-05-31T00:22:00","slug":"donar","status":"publish","type":"page","link":"https:\/\/flannapolitano.art\/index.php\/donar\/","title":{"rendered":"Donar"},"content":{"rendered":"\n<p class=\"has-text-align-center has-medium-font-size\"><strong>Puedes apoyar esta obra haciendo una donaci\u00f3n en el siguiente bot\u00f3n:<\/strong><br><br><\/p>\n\n\n<div class=\"wp-block-image\">\n<figure class=\"aligncenter size-full is-resized\"><a href=\"https:\/\/www.paypal.com\/donate\/?hosted_button_id=6ESKVF6522UHE\"><img loading=\"lazy\" decoding=\"async\" width=\"221\" height=\"79\" src=\"https:\/\/flannapolitano.art\/wp-content\/uploads\/2024\/05\/Donar.png\" alt=\"\" class=\"wp-image-4430\" style=\"aspect-ratio:2.7126436781609193;width:175px;height:auto\"\/><\/a><\/figure><\/div>\n\n\n<p class=\"has-text-align-center has-medium-font-size\">Toda donaci\u00f3n es recibida con amor y utilizada de la mejor manera, Gracias por tu apoyo\u2764 <\/p>\n\n\n\n<div class=\"wp-block-media-text alignwide is-stacked-on-mobile\" style=\"grid-template-columns:15% auto\"><figure class=\"wp-block-media-text__media\"><img decoding=\"async\" src=\"https:\/\/flannapolitano.nazflix.appboxes.co\/wp-content\/uploads\/2022\/04\/Luffysito-225x300.png\" alt=\"\" class=\"wp-image-940 size-medium\"\/><\/figure><div class=\"wp-block-media-text__content\">\n<p class=\"has-medium-font-size\"><\/p>\n<\/div><\/div>\n\n\n\n<p><\/p>\n","protected":false},"excerpt":{"rendered":"<p>Puedes apoyar esta obra haciendo una donaci\u00f3n en el siguiente bot\u00f3n: Toda donaci\u00f3n es recibida con amor y utilizada de la mejor manera, Gracias por tu apoyo\u2764<\/p>\n","protected":false},"author":2,"featured_media":0,"parent":0,"menu_order":0,"comment_status":"closed","ping_status":"closed","template":"","meta":{"footnotes":""},"_links":{"self":[{"href":"https:\/\/flannapolitano.art\/index.php\/wp-json\/wp\/v2\/pages\/39"}],"collection":[{"href":"https:\/\/flannapolitano.art\/index.php\/wp-json\/wp\/v2\/pages"}],"about":[{"href":"https:\/\/flannapolitano.art\/index.php\/wp-json\/wp\/v2\/types\/page"}],"author":[{"embeddable":true,"href":"https:\/\/flannapolitano.art\/index.php\/wp-json\/wp\/v2\/users\/2"}],"replies":[{"embeddable":true,"href":"https:\/\/flannapolitano.art\/index.php\/wp-json\/wp\/v2\/comments?post=39"}],"version-history":[{"count":3,"href":"https:\/\/flannapolitano.art\/index.php\/wp-json\/wp\/v2\/pages\/39\/revisions"}],"predecessor-version":[{"id":4461,"href":"https:\/\/flannapolitano.art\/index.php\/wp-json\/wp\/v2\/pages\/39\/revisions\/4461"}],"wp:attachment":[{"href":"https:\/\/flannapolitano.art\/index.php\/wp-json\/wp\/v2\/media?parent=39"}],"curies":[{"name":"wp","href":"https:\/\/api.w.org\/{rel}","templated":true}]}}